{"id":1426,"date":"2021-10-15T11:43:10","date_gmt":"2021-10-15T09:43:10","guid":{"rendered":"http:\/\/book.brandguide.me\/?page_id=1426"},"modified":"2021-12-28T14:07:01","modified_gmt":"2021-12-28T13:07:01","slug":"imprint","status":"publish","type":"page","link":"https:\/\/book.brandguide.me\/de\/imprint\/","title":{"rendered":"Imprint"},"content":{"rendered":"<div data-elementor-type=\"wp-page\" data-elementor-id=\"1426\" class=\"elementor elementor-1426\" data-elementor-post-type=\"page\">\n\t\t\t\t\t\t<section class=\"elementor-section elementor-top-section elementor-element elementor-element-bea4e94 elementor-section-boxed elementor-section-height-default elementor-section-height-default\" data-id=\"bea4e94\" data-element_type=\"section\" data-e-type=\"section\">\n\t\t\t\t\t\t<div class=\"elementor-container elementor-column-gap-default\">\n\t\t\t\t\t<div class=\"elementor-column elementor-col-100 elementor-top-column elementor-element elementor-element-421af8b\" data-id=\"421af8b\" data-element_type=\"column\" data-e-type=\"column\">\n\t\t\t<div class=\"elementor-widget-wrap elementor-element-populated\">\n\t\t\t\t\t\t<div class=\"elementor-element elementor-element-40c249b elementor-widget elementor-widget-heading\" data-id=\"40c249b\" data-element_type=\"widget\" data-e-type=\"widget\" data-widget_type=\"heading.default\">\n\t\t\t\t<div class=\"elementor-widget-container\">\n\t\t\t\t\t<h1 class=\"elementor-heading-title elementor-size-default\">Imprint<\/h1>\t\t\t\t<\/div>\n\t\t\t\t<\/div>\n\t\t\t\t<div class=\"elementor-element elementor-element-2d4e55d elementor-widget elementor-widget-text-editor\" data-id=\"2d4e55d\" data-element_type=\"widget\" data-e-type=\"widget\" data-widget_type=\"text-editor.default\">\n\t\t\t\t<div class=\"elementor-widget-container\">\n\t\t\t\t\t\t\t\t\t<p><b>Copyright Info<\/b><\/p><p><span style=\"font-weight: 400;\">All content on brandguide\u2019s website is protected by copyright law. Any use of imagery must properly credit the artist or the author.<\/span><\/p><p><b>brandguide universe Kft<\/b><\/p><p><strong>Company HQ<\/strong><br \/>9025 Gy\u0151r, V\u00e1mb\u00e9ry \u00c1rmin utca 47. fszt. 4.<br \/>Hungary<\/p><p><strong>Office<br \/><\/strong>1012 Budapest, Logodi utca 34\/B<br \/>Hungary<\/p><p>Company licence: 08-09-032803<br \/>EU VAT number: HU29043541<\/p><p><strong>Contact<br \/><\/strong>Peter Sher Serf\u0151z\u0151 &#8211; <a href=\"mailto:peter@brandguide.me\">peter@brandguide.me<\/a><\/p>\t\t\t\t\t\t\t\t<\/div>\n\t\t\t\t<\/div>\n\t\t\t\t\t<\/div>\n\t\t<\/div>\n\t\t\t\t\t<\/div>\n\t\t<\/section>\n\t\t\t\t<\/div>","protected":false},"excerpt":{"rendered":"<p>Copyright Info All content on brandguide\u2019s website is protected by copyright law. Any use of imagery must properly credit the artist or the author. brandguide universe Kft Company HQ9025 Gy\u0151r, V\u00e1mb\u00e9ry \u00c1rmin utca 47. fszt. 4.Hungary Office1012 Budapest, Logodi utca 34\/BHungary Company licence: 08-09-032803EU VAT number: HU29043541 ContactPeter Sher Serf\u0151z\u0151 &#8211; peter@brandguide.me<\/p>","protected":false},"author":1,"featured_media":0,"parent":0,"menu_order":0,"comment_status":"closed","ping_status":"open","template":"elementor_header_footer","meta":{"_acf_changed":false,"footnotes":""},"class_list":["post-1426","page","type-page","status-publish","hentry"],"acf":[],"jetpack_sharing_enabled":true,"_links":{"self":[{"href":"https:\/\/book.brandguide.me\/de\/wp-json\/wp\/v2\/pages\/1426","targetHints":{"allow":["GET"]}}],"collection":[{"href":"https:\/\/book.brandguide.me\/de\/wp-json\/wp\/v2\/pages"}],"about":[{"href":"https:\/\/book.brandguide.me\/de\/wp-json\/wp\/v2\/types\/page"}],"author":[{"embeddable":true,"href":"https:\/\/book.brandguide.me\/de\/wp-json\/wp\/v2\/users\/1"}],"replies":[{"embeddable":true,"href":"https:\/\/book.brandguide.me\/de\/wp-json\/wp\/v2\/comments?post=1426"}],"version-history":[{"count":16,"href":"https:\/\/book.brandguide.me\/de\/wp-json\/wp\/v2\/pages\/1426\/revisions"}],"predecessor-version":[{"id":3221,"href":"https:\/\/book.brandguide.me\/de\/wp-json\/wp\/v2\/pages\/1426\/revisions\/3221"}],"wp:attachment":[{"href":"https:\/\/book.brandguide.me\/de\/wp-json\/wp\/v2\/media?parent=1426"}],"curies":[{"name":"wp","href":"https:\/\/api.w.org\/{rel}","templated":true}]}}